{"id":32,"date":"2020-10-10T23:16:49","date_gmt":"2020-10-10T21:16:49","guid":{"rendered":"https:\/\/cavalaise.fr\/?page_id=32"},"modified":"2025-04-28T10:05:02","modified_gmt":"2025-04-28T08:05:02","slug":"la-pension","status":"publish","type":"page","link":"https:\/\/cavalaise.fr\/?page_id=32","title":{"rendered":"Nos prestations"},"content":{"rendered":"\n<figure class=\"wp-block-image size-large is-style-rounded\"><img loading=\"lazy\" decoding=\"async\" width=\"1024\" height=\"684\" src=\"https:\/\/cavalaise.fr\/wp-content\/uploads\/2020\/10\/Neige3-1024x684.jpg\" alt=\"Soleil levant\" class=\"wp-image-86\" srcset=\"https:\/\/cavalaise.fr\/wp-content\/uploads\/2020\/10\/Neige3-1024x684.jpg 1024w, https:\/\/cavalaise.fr\/wp-content\/uploads\/2020\/10\/Neige3-300x200.jpg 300w, https:\/\/cavalaise.fr\/wp-content\/uploads\/2020\/10\/Neige3-768x513.jpg 768w, https:\/\/cavalaise.fr\/wp-content\/uploads\/2020\/10\/Neige3.jpg 1432w\" sizes=\"auto, (max-width: 1024px) 100vw, 1024px\" \/><\/figure>\n\n\n\n<p><strong>PENSION<\/strong><\/p>\n\n\n\n<p>260 \u20acTTC par mois, foin \u00e0 volont\u00e9, acc\u00e8s aux installations, surveillance 7j\/7<\/p>\n\n\n\n<p>+30 \u20acTTC par mois : distribution de granul\u00e9s fournis par le propri\u00e9taire (1 fois\/jour)<\/p>\n\n\n\n<p>+30 \u20acTTC par mois : gestion des couvertures l&rsquo;hiver et\/ou des masques l&rsquo;\u00e9t\u00e9<\/p>\n\n\n\n<p>Autres prestations \u00e0 discuter. <\/p>\n\n\n\n<p><strong>COURS<\/strong><\/p>\n\n\n\n<p>Cours (\u00e9thologie, dressage, obstacle&#8230; jusqu&rsquo;au galop 7), <\/p>\n\n\n\n<p>Travail du cheval, <\/p>\n\n\n\n<p>Accompagnement en balade<\/p>\n\n\n\n<figure class=\"wp-block-image size-large is-style-rounded\"><img loading=\"lazy\" decoding=\"async\" width=\"1024\" height=\"683\" src=\"https:\/\/cavalaise.fr\/wp-content\/uploads\/2020\/10\/Gus-Jambette-1024x683.jpg\" alt=\"Travail en libert\u00e9 - \u00e9thologie\" class=\"wp-image-116\" srcset=\"https:\/\/cavalaise.fr\/wp-content\/uploads\/2020\/10\/Gus-Jambette-1024x683.jpg 1024w, https:\/\/cavalaise.fr\/wp-content\/uploads\/2020\/10\/Gus-Jambette-300x200.jpg 300w, https:\/\/cavalaise.fr\/wp-content\/uploads\/2020\/10\/Gus-Jambette-768x512.jpg 768w, https:\/\/cavalaise.fr\/wp-content\/uploads\/2020\/10\/Gus-Jambette.jpg 1077w\" sizes=\"auto, (max-width: 1024px) 100vw, 1024px\" \/><figcaption>Travail en libert\u00e9 &#8211; \u00e9thologie<\/figcaption><\/figure>\n\n\n\n<p>CONTACT : C\u00e9cile &#8211; 06 76 76 95 63 &#8211; cavalaise@gmail.com<\/p>\n","protected":false},"excerpt":{"rendered":"<p>PENSION 260 \u20acTTC par mois, foin \u00e0 volont\u00e9, acc\u00e8s aux installations, surveillance 7j\/7 +30 \u20acTTC par mois : distribution de granul\u00e9s fournis par le propri\u00e9taire (1 fois\/jour) +30 \u20acTTC par mois : gestion des couvertures l&rsquo;hiver et\/ou des masques l&rsquo;\u00e9t\u00e9 Autres prestations \u00e0 discuter. COURS Cours (\u00e9thologie, dressage, obstacle&#8230; jusqu&rsquo;au galop 7), Travail du cheval, [&hellip;]<\/p>\n","protected":false},"author":1,"featured_media":0,"parent":0,"menu_order":0,"comment_status":"closed","ping_status":"closed","template":"","meta":{"footnotes":""},"class_list":["post-32","page","type-page","status-publish","hentry"],"yoast_head":"<!-- This site is optimized with the Yoast SEO plugin v24.9 - https:\/\/yoast.com\/wordpress\/plugins\/seo\/ -->\n<title>Nos prestations - CAVAL&#039;AISE<\/title>\n<meta name=\"description\" content=\"Tarifs de la pension de chevaux Caval&#039;aise \u00e0 Novalaise\" \/>\n<meta name=\"robots\" content=\"index, follow, max-snippet:-1, max-image-preview:large, max-video-preview:-1\" \/>\n<link rel=\"canonical\" href=\"https:\/\/cavalaise.fr\/?page_id=32\" \/>\n<meta property=\"og:locale\" content=\"fr_FR\" \/>\n<meta property=\"og:type\" content=\"article\" \/>\n<meta property=\"og:title\" content=\"Nos prestations - CAVAL&#039;AISE\" \/>\n<meta property=\"og:description\" content=\"Tarifs de la pension de chevaux Caval&#039;aise \u00e0 Novalaise\" \/>\n<meta property=\"og:url\" content=\"https:\/\/cavalaise.fr\/?page_id=32\" \/>\n<meta property=\"og:site_name\" content=\"CAVAL&#039;AISE\" \/>\n<meta property=\"article:modified_time\" content=\"2025-04-28T08:05:02+00:00\" \/>\n<meta property=\"og:image\" content=\"https:\/\/cavalaise.fr\/wp-content\/uploads\/2020\/10\/Neige3-1024x684.jpg\" \/>\n<meta name=\"twitter:card\" content=\"summary_large_image\" \/>\n<meta name=\"twitter:label1\" content=\"Dur\u00e9e de lecture estim\u00e9e\" \/>\n\t<meta name=\"twitter:data1\" content=\"1 minute\" \/>\n<script type=\"application\/ld+json\" class=\"yoast-schema-graph\">{\"@context\":\"https:\/\/schema.org\",\"@graph\":[{\"@type\":\"WebPage\",\"@id\":\"https:\/\/cavalaise.fr\/?page_id=32\",\"url\":\"https:\/\/cavalaise.fr\/?page_id=32\",\"name\":\"Nos prestations - CAVAL&#039;AISE\",\"isPartOf\":{\"@id\":\"https:\/\/cavalaise.fr\/#website\"},\"primaryImageOfPage\":{\"@id\":\"https:\/\/cavalaise.fr\/?page_id=32#primaryimage\"},\"image\":{\"@id\":\"https:\/\/cavalaise.fr\/?page_id=32#primaryimage\"},\"thumbnailUrl\":\"https:\/\/cavalaise.fr\/wp-content\/uploads\/2020\/10\/Neige3-1024x684.jpg\",\"datePublished\":\"2020-10-10T21:16:49+00:00\",\"dateModified\":\"2025-04-28T08:05:02+00:00\",\"description\":\"Tarifs de la pension de chevaux Caval'aise \u00e0 Novalaise\",\"breadcrumb\":{\"@id\":\"https:\/\/cavalaise.fr\/?page_id=32#breadcrumb\"},\"inLanguage\":\"fr-FR\",\"potentialAction\":[{\"@type\":\"ReadAction\",\"target\":[\"https:\/\/cavalaise.fr\/?page_id=32\"]}]},{\"@type\":\"ImageObject\",\"inLanguage\":\"fr-FR\",\"@id\":\"https:\/\/cavalaise.fr\/?page_id=32#primaryimage\",\"url\":\"https:\/\/cavalaise.fr\/wp-content\/uploads\/2020\/10\/Neige3.jpg\",\"contentUrl\":\"https:\/\/cavalaise.fr\/wp-content\/uploads\/2020\/10\/Neige3.jpg\",\"width\":1432,\"height\":956,\"caption\":\"Soleil levant\"},{\"@type\":\"BreadcrumbList\",\"@id\":\"https:\/\/cavalaise.fr\/?page_id=32#breadcrumb\",\"itemListElement\":[{\"@type\":\"ListItem\",\"position\":1,\"name\":\"Accueil\",\"item\":\"https:\/\/cavalaise.fr\/\"},{\"@type\":\"ListItem\",\"position\":2,\"name\":\"Nos prestations\"}]},{\"@type\":\"WebSite\",\"@id\":\"https:\/\/cavalaise.fr\/#website\",\"url\":\"https:\/\/cavalaise.fr\/\",\"name\":\"CAVAL&#039;AISE\",\"description\":\"Pension, Elevage, Ethologie et Bien-\u00catre du Cheval \u00e0 NOVALAISE\",\"potentialAction\":[{\"@type\":\"SearchAction\",\"target\":{\"@type\":\"EntryPoint\",\"urlTemplate\":\"https:\/\/cavalaise.fr\/?s={search_term_string}\"},\"query-input\":{\"@type\":\"PropertyValueSpecification\",\"valueRequired\":true,\"valueName\":\"search_term_string\"}}],\"inLanguage\":\"fr-FR\"}]}<\/script>\n<!-- \/ Yoast SEO plugin. -->","yoast_head_json":{"title":"Nos prestations - CAVAL&#039;AISE","description":"Tarifs de la pension de chevaux Caval'aise \u00e0 Novalaise","robots":{"index":"index","follow":"follow","max-snippet":"max-snippet:-1","max-image-preview":"max-image-preview:large","max-video-preview":"max-video-preview:-1"},"canonical":"https:\/\/cavalaise.fr\/?page_id=32","og_locale":"fr_FR","og_type":"article","og_title":"Nos prestations - CAVAL&#039;AISE","og_description":"Tarifs de la pension de chevaux Caval'aise \u00e0 Novalaise","og_url":"https:\/\/cavalaise.fr\/?page_id=32","og_site_name":"CAVAL&#039;AISE","article_modified_time":"2025-04-28T08:05:02+00:00","og_image":[{"url":"https:\/\/cavalaise.fr\/wp-content\/uploads\/2020\/10\/Neige3-1024x684.jpg","type":"","width":"","height":""}],"twitter_card":"summary_large_image","twitter_misc":{"Dur\u00e9e de lecture estim\u00e9e":"1 minute"},"schema":{"@context":"https:\/\/schema.org","@graph":[{"@type":"WebPage","@id":"https:\/\/cavalaise.fr\/?page_id=32","url":"https:\/\/cavalaise.fr\/?page_id=32","name":"Nos prestations - CAVAL&#039;AISE","isPartOf":{"@id":"https:\/\/cavalaise.fr\/#website"},"primaryImageOfPage":{"@id":"https:\/\/cavalaise.fr\/?page_id=32#primaryimage"},"image":{"@id":"https:\/\/cavalaise.fr\/?page_id=32#primaryimage"},"thumbnailUrl":"https:\/\/cavalaise.fr\/wp-content\/uploads\/2020\/10\/Neige3-1024x684.jpg","datePublished":"2020-10-10T21:16:49+00:00","dateModified":"2025-04-28T08:05:02+00:00","description":"Tarifs de la pension de chevaux Caval'aise \u00e0 Novalaise","breadcrumb":{"@id":"https:\/\/cavalaise.fr\/?page_id=32#breadcrumb"},"inLanguage":"fr-FR","potentialAction":[{"@type":"ReadAction","target":["https:\/\/cavalaise.fr\/?page_id=32"]}]},{"@type":"ImageObject","inLanguage":"fr-FR","@id":"https:\/\/cavalaise.fr\/?page_id=32#primaryimage","url":"https:\/\/cavalaise.fr\/wp-content\/uploads\/2020\/10\/Neige3.jpg","contentUrl":"https:\/\/cavalaise.fr\/wp-content\/uploads\/2020\/10\/Neige3.jpg","width":1432,"height":956,"caption":"Soleil levant"},{"@type":"BreadcrumbList","@id":"https:\/\/cavalaise.fr\/?page_id=32#breadcrumb","itemListElement":[{"@type":"ListItem","position":1,"name":"Accueil","item":"https:\/\/cavalaise.fr\/"},{"@type":"ListItem","position":2,"name":"Nos prestations"}]},{"@type":"WebSite","@id":"https:\/\/cavalaise.fr\/#website","url":"https:\/\/cavalaise.fr\/","name":"CAVAL&#039;AISE","description":"Pension, Elevage, Ethologie et Bien-\u00catre du Cheval \u00e0 NOVALAISE","potentialAction":[{"@type":"SearchAction","target":{"@type":"EntryPoint","urlTemplate":"https:\/\/cavalaise.fr\/?s={search_term_string}"},"query-input":{"@type":"PropertyValueSpecification","valueRequired":true,"valueName":"search_term_string"}}],"inLanguage":"fr-FR"}]}},"_links":{"self":[{"href":"https:\/\/cavalaise.fr\/index.php?rest_route=\/wp\/v2\/pages\/32","targetHints":{"allow":["GET"]}}],"collection":[{"href":"https:\/\/cavalaise.fr\/index.php?rest_route=\/wp\/v2\/pages"}],"about":[{"href":"https:\/\/cavalaise.fr\/index.php?rest_route=\/wp\/v2\/types\/page"}],"author":[{"embeddable":true,"href":"https:\/\/cavalaise.fr\/index.php?rest_route=\/wp\/v2\/users\/1"}],"replies":[{"embeddable":true,"href":"https:\/\/cavalaise.fr\/index.php?rest_route=%2Fwp%2Fv2%2Fcomments&post=32"}],"version-history":[{"count":10,"href":"https:\/\/cavalaise.fr\/index.php?rest_route=\/wp\/v2\/pages\/32\/revisions"}],"predecessor-version":[{"id":229,"href":"https:\/\/cavalaise.fr\/index.php?rest_route=\/wp\/v2\/pages\/32\/revisions\/229"}],"wp:attachment":[{"href":"https:\/\/cavalaise.fr\/index.php?rest_route=%2Fwp%2Fv2%2Fmedia&parent=32"}],"curies":[{"name":"wp","href":"https:\/\/api.w.org\/{rel}","templated":true}]}}