{"id":2,"date":"2020-10-10T17:38:18","date_gmt":"2020-10-10T15:38:18","guid":{"rendered":"http:\/\/hedhvwq.cluster030.hosting.ovh.net\/?page_id=2"},"modified":"2025-04-28T10:07:32","modified_gmt":"2025-04-28T08:07:32","slug":"page-daccueil-du-site-cavalaise-pension-equestre","status":"publish","type":"page","link":"https:\/\/cavalaise.fr\/","title":{"rendered":"BIENVENUE !"},"content":{"rendered":"\n<figure class=\"wp-block-image size-large is-style-rounded\"><img loading=\"lazy\" decoding=\"async\" width=\"980\" height=\"735\" src=\"https:\/\/cavalaise.fr\/wp-content\/uploads\/2020\/10\/Clotures3-1.jpg\" alt=\"Une partie des p\u00e2tures\" class=\"wp-image-121\" srcset=\"https:\/\/cavalaise.fr\/wp-content\/uploads\/2020\/10\/Clotures3-1.jpg 980w, https:\/\/cavalaise.fr\/wp-content\/uploads\/2020\/10\/Clotures3-1-300x225.jpg 300w, https:\/\/cavalaise.fr\/wp-content\/uploads\/2020\/10\/Clotures3-1-768x576.jpg 768w, https:\/\/cavalaise.fr\/wp-content\/uploads\/2020\/10\/Clotures3-1-400x300.jpg 400w\" sizes=\"auto, (max-width: 980px) 100vw, 980px\" \/><figcaption>Une partie des p\u00e2tures<\/figcaption><\/figure>\n\n\n\n<h5 class=\"wp-block-heading\">Vous cherchez une pension \u00e9quine familiale mais professionnelle, qui se soucie du bien-\u00eatre des chevaux ?<br>Vous voulez pouvoir partir en balade directement en sortant du pr\u00e9 ?<br>Vous voulez am\u00e9liorer votre connexion avec votre cheval gr\u00e2ce \u00e0 l&rsquo;\u00e9quitation \u00e9thologique ?<br>Vous voulez pouvoir progresser avec votre cheval ?<\/h5>\n\n\n\n<figure class=\"wp-block-image size-large is-style-rounded\"><img loading=\"lazy\" decoding=\"async\" width=\"980\" height=\"490\" src=\"https:\/\/cavalaise.fr\/wp-content\/uploads\/2020\/10\/Desensibilisation2.jpg\" alt=\"D\u00e9sensibilisation - Ethologie\" class=\"wp-image-143\" srcset=\"https:\/\/cavalaise.fr\/wp-content\/uploads\/2020\/10\/Desensibilisation2.jpg 980w, https:\/\/cavalaise.fr\/wp-content\/uploads\/2020\/10\/Desensibilisation2-300x150.jpg 300w, https:\/\/cavalaise.fr\/wp-content\/uploads\/2020\/10\/Desensibilisation2-768x384.jpg 768w\" sizes=\"auto, (max-width: 980px) 100vw, 980px\" \/><figcaption>D\u00e9sensibilisation &#8211; Ethologie<\/figcaption><\/figure>\n\n\n\n<h5 class=\"wp-block-heading\">Venez nous voir \u00e0 CAVAL&rsquo;AISE !<\/h5>\n\n\n\n<figure class=\"wp-block-image size-large is-style-rounded\"><img loading=\"lazy\" decoding=\"async\" width=\"1024\" height=\"512\" src=\"https:\/\/cavalaise.fr\/wp-content\/uploads\/2020\/10\/Neige4-1024x512.jpg\" alt=\"Caval'Aise sous la neige\" class=\"wp-image-146\" srcset=\"https:\/\/cavalaise.fr\/wp-content\/uploads\/2020\/10\/Neige4-1024x512.jpg 1024w, https:\/\/cavalaise.fr\/wp-content\/uploads\/2020\/10\/Neige4-300x150.jpg 300w, https:\/\/cavalaise.fr\/wp-content\/uploads\/2020\/10\/Neige4-768x384.jpg 768w, https:\/\/cavalaise.fr\/wp-content\/uploads\/2020\/10\/Neige4.jpg 1248w\" sizes=\"auto, (max-width: 1024px) 100vw, 1024px\" \/><figcaption>Caval&rsquo;Aise sous la neige<\/figcaption><\/figure>\n\n\n\n<h5 class=\"wp-block-heading\">Nous sommes situ\u00e9s \u00e0 Novalaise, \u00e0 20 minutes de Chamb\u00e9ry, 5 minutes du lac d\u2019Aiguebelette et de sa sortie d\u2019autoroute.<\/h5>\n\n\n\n<p>CONTACT : C\u00e9cile &#8211; 06 76 76 95 63 &#8211; cavalaise@gmail.com<\/p>\n\n\n<p><\/p>\n<p><iframe title=\"1621 route de la crusille, novalaise\" src=\"https:\/\/maps.google.com\/maps?q=1621%20route%20de%20la%20crusille%2C%20novalaise&amp;t=m&amp;z=11&amp;output=embed&amp;iwloc=near\" frameborder=\"0\" marginwidth=\"0\" marginheight=\"0\" scrolling=\"no\" aria-label=\"1621 route de la crusille, novalaise\"><\/iframe><\/p>\n\n\n<p>Quelques infos suppl\u00e9mentaires : notre num\u00e9ro siret est le 490 349 958 00036<\/p>\n\n\n\n<p>Et les plus belles photos du site ont \u00e9t\u00e9 r\u00e9alis\u00e9es par <a href=\"https:\/\/www.facebook.com\/search\/top?q=m%C3%A9lanie%20bourgain%20-%20photographe\">M\u00e9lanie Bourgain, Photographe. <\/a><\/p>\n","protected":false},"excerpt":{"rendered":"<p>Vous cherchez une pension \u00e9quine familiale mais professionnelle, qui se soucie du bien-\u00eatre des chevaux ?Vous voulez pouvoir partir en balade directement en sortant du pr\u00e9 ?Vous voulez am\u00e9liorer votre connexion avec votre cheval gr\u00e2ce \u00e0 l&rsquo;\u00e9quitation \u00e9thologique ?Vous voulez pouvoir progresser avec votre cheval ? Venez nous voir \u00e0 CAVAL&rsquo;AISE ! Nous sommes situ\u00e9s [&hellip;]<\/p>\n","protected":false},"author":1,"featured_media":0,"parent":0,"menu_order":0,"comment_status":"closed","ping_status":"closed","template":"","meta":{"footnotes":""},"class_list":["post-2","page","type-page","status-publish","hentry"],"yoast_head":"<!-- This site is optimized with the Yoast SEO plugin v24.9 - https:\/\/yoast.com\/wordpress\/plugins\/seo\/ -->\n<title>BIENVENUE ! - CAVAL&#039;AISE<\/title>\n<meta name=\"description\" content=\"Page d&#039;accueil du site Caval&#039;Aise, pension \u00e9questre, travail du cheval, \u00e9thologie, \u00e9quipiste.\" \/>\n<meta name=\"robots\" content=\"index, follow, max-snippet:-1, max-image-preview:large, max-video-preview:-1\" \/>\n<link rel=\"canonical\" href=\"https:\/\/cavalaise.fr\/\" \/>\n<meta property=\"og:locale\" content=\"fr_FR\" \/>\n<meta property=\"og:type\" content=\"article\" \/>\n<meta property=\"og:title\" content=\"BIENVENUE ! - CAVAL&#039;AISE\" \/>\n<meta property=\"og:description\" content=\"Page d&#039;accueil du site Caval&#039;Aise, pension \u00e9questre, travail du cheval, \u00e9thologie, \u00e9quipiste.\" \/>\n<meta property=\"og:url\" content=\"https:\/\/cavalaise.fr\/\" \/>\n<meta property=\"og:site_name\" content=\"CAVAL&#039;AISE\" \/>\n<meta property=\"article:modified_time\" content=\"2025-04-28T08:07:32+00:00\" \/>\n<meta property=\"og:image\" content=\"https:\/\/cavalaise.fr\/wp-content\/uploads\/2020\/10\/Clotures3-1.jpg\" \/>\n<meta name=\"twitter:card\" content=\"summary_large_image\" \/>\n<meta name=\"twitter:label1\" content=\"Dur\u00e9e de lecture estim\u00e9e\" \/>\n\t<meta name=\"twitter:data1\" content=\"2 minutes\" \/>\n<script type=\"application\/ld+json\" class=\"yoast-schema-graph\">{\"@context\":\"https:\/\/schema.org\",\"@graph\":[{\"@type\":\"WebPage\",\"@id\":\"https:\/\/cavalaise.fr\/\",\"url\":\"https:\/\/cavalaise.fr\/\",\"name\":\"BIENVENUE ! - CAVAL&#039;AISE\",\"isPartOf\":{\"@id\":\"https:\/\/cavalaise.fr\/#website\"},\"primaryImageOfPage\":{\"@id\":\"https:\/\/cavalaise.fr\/#primaryimage\"},\"image\":{\"@id\":\"https:\/\/cavalaise.fr\/#primaryimage\"},\"thumbnailUrl\":\"https:\/\/cavalaise.fr\/wp-content\/uploads\/2020\/10\/Clotures3-1.jpg\",\"datePublished\":\"2020-10-10T15:38:18+00:00\",\"dateModified\":\"2025-04-28T08:07:32+00:00\",\"description\":\"Page d'accueil du site Caval'Aise, pension \u00e9questre, travail du cheval, \u00e9thologie, \u00e9quipiste.\",\"breadcrumb\":{\"@id\":\"https:\/\/cavalaise.fr\/#breadcrumb\"},\"inLanguage\":\"fr-FR\",\"potentialAction\":[{\"@type\":\"ReadAction\",\"target\":[\"https:\/\/cavalaise.fr\/\"]}]},{\"@type\":\"ImageObject\",\"inLanguage\":\"fr-FR\",\"@id\":\"https:\/\/cavalaise.fr\/#primaryimage\",\"url\":\"https:\/\/cavalaise.fr\/wp-content\/uploads\/2020\/10\/Clotures3-1.jpg\",\"contentUrl\":\"https:\/\/cavalaise.fr\/wp-content\/uploads\/2020\/10\/Clotures3-1.jpg\",\"width\":980,\"height\":735,\"caption\":\"Une partie des p\u00e2tures\"},{\"@type\":\"BreadcrumbList\",\"@id\":\"https:\/\/cavalaise.fr\/#breadcrumb\",\"itemListElement\":[{\"@type\":\"ListItem\",\"position\":1,\"name\":\"Accueil\",\"item\":\"https:\/\/cavalaise.fr\/\"},{\"@type\":\"ListItem\",\"position\":2,\"name\":\"BIENVENUE !\"}]},{\"@type\":\"WebSite\",\"@id\":\"https:\/\/cavalaise.fr\/#website\",\"url\":\"https:\/\/cavalaise.fr\/\",\"name\":\"CAVAL&#039;AISE\",\"description\":\"Pension, Elevage, Ethologie et Bien-\u00catre du Cheval \u00e0 NOVALAISE\",\"potentialAction\":[{\"@type\":\"SearchAction\",\"target\":{\"@type\":\"EntryPoint\",\"urlTemplate\":\"https:\/\/cavalaise.fr\/?s={search_term_string}\"},\"query-input\":{\"@type\":\"PropertyValueSpecification\",\"valueRequired\":true,\"valueName\":\"search_term_string\"}}],\"inLanguage\":\"fr-FR\"}]}<\/script>\n<!-- \/ Yoast SEO plugin. -->","yoast_head_json":{"title":"BIENVENUE ! - CAVAL&#039;AISE","description":"Page d'accueil du site Caval'Aise, pension \u00e9questre, travail du cheval, \u00e9thologie, \u00e9quipiste.","robots":{"index":"index","follow":"follow","max-snippet":"max-snippet:-1","max-image-preview":"max-image-preview:large","max-video-preview":"max-video-preview:-1"},"canonical":"https:\/\/cavalaise.fr\/","og_locale":"fr_FR","og_type":"article","og_title":"BIENVENUE ! - CAVAL&#039;AISE","og_description":"Page d'accueil du site Caval'Aise, pension \u00e9questre, travail du cheval, \u00e9thologie, \u00e9quipiste.","og_url":"https:\/\/cavalaise.fr\/","og_site_name":"CAVAL&#039;AISE","article_modified_time":"2025-04-28T08:07:32+00:00","og_image":[{"url":"https:\/\/cavalaise.fr\/wp-content\/uploads\/2020\/10\/Clotures3-1.jpg","type":"","width":"","height":""}],"twitter_card":"summary_large_image","twitter_misc":{"Dur\u00e9e de lecture estim\u00e9e":"2 minutes"},"schema":{"@context":"https:\/\/schema.org","@graph":[{"@type":"WebPage","@id":"https:\/\/cavalaise.fr\/","url":"https:\/\/cavalaise.fr\/","name":"BIENVENUE ! - CAVAL&#039;AISE","isPartOf":{"@id":"https:\/\/cavalaise.fr\/#website"},"primaryImageOfPage":{"@id":"https:\/\/cavalaise.fr\/#primaryimage"},"image":{"@id":"https:\/\/cavalaise.fr\/#primaryimage"},"thumbnailUrl":"https:\/\/cavalaise.fr\/wp-content\/uploads\/2020\/10\/Clotures3-1.jpg","datePublished":"2020-10-10T15:38:18+00:00","dateModified":"2025-04-28T08:07:32+00:00","description":"Page d'accueil du site Caval'Aise, pension \u00e9questre, travail du cheval, \u00e9thologie, \u00e9quipiste.","breadcrumb":{"@id":"https:\/\/cavalaise.fr\/#breadcrumb"},"inLanguage":"fr-FR","potentialAction":[{"@type":"ReadAction","target":["https:\/\/cavalaise.fr\/"]}]},{"@type":"ImageObject","inLanguage":"fr-FR","@id":"https:\/\/cavalaise.fr\/#primaryimage","url":"https:\/\/cavalaise.fr\/wp-content\/uploads\/2020\/10\/Clotures3-1.jpg","contentUrl":"https:\/\/cavalaise.fr\/wp-content\/uploads\/2020\/10\/Clotures3-1.jpg","width":980,"height":735,"caption":"Une partie des p\u00e2tures"},{"@type":"BreadcrumbList","@id":"https:\/\/cavalaise.fr\/#breadcrumb","itemListElement":[{"@type":"ListItem","position":1,"name":"Accueil","item":"https:\/\/cavalaise.fr\/"},{"@type":"ListItem","position":2,"name":"BIENVENUE !"}]},{"@type":"WebSite","@id":"https:\/\/cavalaise.fr\/#website","url":"https:\/\/cavalaise.fr\/","name":"CAVAL&#039;AISE","description":"Pension, Elevage, Ethologie et Bien-\u00catre du Cheval \u00e0 NOVALAISE","potentialAction":[{"@type":"SearchAction","target":{"@type":"EntryPoint","urlTemplate":"https:\/\/cavalaise.fr\/?s={search_term_string}"},"query-input":{"@type":"PropertyValueSpecification","valueRequired":true,"valueName":"search_term_string"}}],"inLanguage":"fr-FR"}]}},"_links":{"self":[{"href":"https:\/\/cavalaise.fr\/index.php?rest_route=\/wp\/v2\/pages\/2","targetHints":{"allow":["GET"]}}],"collection":[{"href":"https:\/\/cavalaise.fr\/index.php?rest_route=\/wp\/v2\/pages"}],"about":[{"href":"https:\/\/cavalaise.fr\/index.php?rest_route=\/wp\/v2\/types\/page"}],"author":[{"embeddable":true,"href":"https:\/\/cavalaise.fr\/index.php?rest_route=\/wp\/v2\/users\/1"}],"replies":[{"embeddable":true,"href":"https:\/\/cavalaise.fr\/index.php?rest_route=%2Fwp%2Fv2%2Fcomments&post=2"}],"version-history":[{"count":25,"href":"https:\/\/cavalaise.fr\/index.php?rest_route=\/wp\/v2\/pages\/2\/revisions"}],"predecessor-version":[{"id":230,"href":"https:\/\/cavalaise.fr\/index.php?rest_route=\/wp\/v2\/pages\/2\/revisions\/230"}],"wp:attachment":[{"href":"https:\/\/cavalaise.fr\/index.php?rest_route=%2Fwp%2Fv2%2Fmedia&parent=2"}],"curies":[{"name":"wp","href":"https:\/\/api.w.org\/{rel}","templated":true}]}}